{"id":2038,"date":"2018-06-06T12:41:46","date_gmt":"2018-06-06T12:41:46","guid":{"rendered":"http:\/\/dalia.elated-themes.com\/?page_id=2038"},"modified":"2023-10-10T15:15:51","modified_gmt":"2023-10-10T15:15:51","slug":"contact-us","status":"publish","type":"page","link":"http:\/\/perfect-cosmetic-hamburg.com\/?page_id=2038","title":{"rendered":"Kontakt"},"content":{"rendered":"<p>[vc_row row_content_width=&#8220;grid&#8220; css=&#8220;.vc_custom_1604166613761{padding-top: 50px !important;padding-bottom: 20px !important;}&#8220;][vc_column offset=&#8220;vc_col-lg-6 vc_col-md-12 vc_col-xs-12&#8243;]<div class=\"eltdf-elements-holder   eltdf-one-column  eltdf-responsive-mode-768 \" ><div class=\"eltdf-eh-item    \"  data-item-class=\"eltdf-eh-custom-3718\" data-769-1024=\"0px 0% 0px 0%\" data-681-768=\"0px 0% 0px 0%\" data-680=\"0px 7% 0px 0%\">\n\t<div class=\"eltdf-eh-item-inner\">\n\t\t<div class=\"eltdf-eh-item-content eltdf-eh-custom-3718\" style=\"padding: 0px 0% 0px 7%\">\n\t\t\t<div class=\"eltdf-section-title-holder  eltdf-st-standard eltdf-st-title-left  \" >\n\t<div class=\"eltdf-st-inner\">\n\t\t\t\t\t\t\t<h2 class=\"eltdf-st-title\" style=\"color: #191919\">\n\t\t\t\tGet in touch\t\t\t<\/h2>\n\t\t\t\t\t\t\t<p class=\"eltdf-st-text\" style=\"font-size: 17px;font-weight: 300\">\n\t\t\t\tWir stehen Ihnen bereit f\u00fcr Fragen und Wunschtermine. Schreiben Sie uns einfach eine Nachricht oder rufen Sie uns direkt an.\t\t\t<\/p>\n\t\t\t<\/div>\n<\/div>[vc_empty_space height=&#8220;10px&#8220;]<div class=\"eltdf-iwt clearfix  eltdf-iwt-icon-left eltdf-iwt-icon-medium\">\n\t<div class=\"eltdf-iwt-icon-wrapper\">\n\t\t<div class=\"eltdf-iwt-icon\">\n\t\t\t\t\t\t\t<a itemprop=\"url\" href=\"http:\/\/info@perfect-cosmetic-hamburg.de\" target=\"_self\">\n\t\t\t\t\t\t\t\t\t\t\t\t    <span class=\"eltdf-icon-shortcode eltdf-normal   eltdf-icon-medium\"  data-color=\"#ee9dae\">\n                    <i class=\"eltdf-icon-ion-icon ion-ios-chatboxes-outline eltdf-icon-element\" style=\"color: #ee9dae;font-size:30px\" ><\/i>            <\/span>\n\t\t\t\t\t\t\t\t\t\t\t<\/a>\n\t\t\t\t\t<\/div>\n\t\t<div class=\"eltdf-iwt-content\" >\n\t\t\t\t\t\t\t\t\t\t\t\t\t<p class=\"eltdf-iwt-text\" style=\"margin-top: 2px\">info@perfect-cosmetic-hamburg.com<\/p>\n\t\t\t\t\t<\/div>\n\t<\/div>\n<\/div>[vc_empty_space height=&#8220;10px&#8220;]<div class=\"eltdf-iwt clearfix  eltdf-iwt-icon-left eltdf-iwt-icon-medium\">\n\t<div class=\"eltdf-iwt-icon-wrapper\">\n\t\t<div class=\"eltdf-iwt-icon\">\n\t\t\t\t\t\t\t<a itemprop=\"url\" href=\"tel:+(123)-456-7890\" target=\"_self\">\n\t\t\t\t\t\t\t\t\t\t\t\t    <span class=\"eltdf-icon-shortcode eltdf-normal   eltdf-icon-medium\"  data-color=\"#ee9dae\">\n                    <i class=\"eltdf-icon-ion-icon ion-ios-telephone-outline eltdf-icon-element\" style=\"color: #ee9dae;font-size:30px\" ><\/i>            <\/span>\n\t\t\t\t\t\t\t\t\t\t\t<\/a>\n\t\t\t\t\t<\/div>\n\t\t<div class=\"eltdf-iwt-content\" >\n\t\t\t\t\t\t\t\t\t\t\t\t\t<p class=\"eltdf-iwt-text\" style=\"margin-top: 2px\">040 248 881 67<\/p>\n\t\t\t\t\t<\/div>\n\t<\/div>\n<\/div>[vc_empty_space height=&#8220;10px&#8220;]<div class=\"eltdf-iwt clearfix  eltdf-iwt-icon-left eltdf-iwt-icon-medium\">\n\t<div class=\"eltdf-iwt-icon-wrapper\">\n\t\t<div class=\"eltdf-iwt-icon\">\n\t\t\t\t\t\t\t<a itemprop=\"url\" href=\"tel:+(123)-456-7890\" target=\"_self\">\n\t\t\t\t\t\t\t\t\t\t\t\t    <span class=\"eltdf-icon-shortcode eltdf-normal   eltdf-icon-medium\"  data-color=\"#ee9dae\">\n                    <i class=\"eltdf-icon-ion-icon ion-social-whatsapp-outline eltdf-icon-element\" style=\"color: #ee9dae;font-size:30px\" ><\/i>            <\/span>\n\t\t\t\t\t\t\t\t\t\t\t<\/a>\n\t\t\t\t\t<\/div>\n\t\t<div class=\"eltdf-iwt-content\" >\n\t\t\t\t\t\t\t\t\t\t\t\t\t<p class=\"eltdf-iwt-text\" style=\"margin-top: 2px\">Mobil: 0174 4111 149<\/p>\n\t\t\t\t\t<\/div>\n\t<\/div>\n<\/div>[vc_empty_space height=&#8220;10px&#8220;]<div class=\"eltdf-iwt clearfix  eltdf-iwt-icon-left eltdf-iwt-icon-medium\">\n\t<div class=\"eltdf-iwt-icon-wrapper\">\n\t\t<div class=\"eltdf-iwt-icon\">\n\t\t\t\t\t\t\t<a itemprop=\"url\" href=\"#\" target=\"_self\">\n\t\t\t\t\t\t\t\t\t\t\t\t    <span class=\"eltdf-icon-shortcode eltdf-normal   eltdf-icon-medium\"  data-color=\"#ee9dae\">\n                    <i class=\"eltdf-icon-ion-icon ion-ios-home-outline eltdf-icon-element\" style=\"color: #ee9dae;font-size:30px\" ><\/i>            <\/span>\n\t\t\t\t\t\t\t\t\t\t\t<\/a>\n\t\t\t\t\t<\/div>\n\t\t<div class=\"eltdf-iwt-content\" >\n\t\t\t\t\t\t\t\t\t\t\t<\/div>\n\t<\/div>\n<\/div>[vc_empty_space height=&#8220;10px&#8220;]<div class=\"eltdf-iwt clearfix  eltdf-iwt-icon-left eltdf-iwt-icon-medium\">\n\t<div class=\"eltdf-iwt-icon-wrapper\">\n\t\t<div class=\"eltdf-iwt-icon\">\n\t\t\t\t\t\t\t<a itemprop=\"url\" href=\"#\" target=\"_self\">\n\t\t\t\t\t\t\t\t\t\t\t\t    <span class=\"eltdf-icon-shortcode eltdf-normal   eltdf-icon-medium\"  data-color=\"#ee9dae\">\n                    <i class=\"eltdf-icon-ion-icon ion-ios-time-outline eltdf-icon-element\" style=\"color: #ee9dae;font-size:30px\" ><\/i>            <\/span>\n\t\t\t\t\t\t\t\t\t\t\t<\/a>\n\t\t\t\t\t<\/div>\n\t\t<div class=\"eltdf-iwt-content\" >\n\t\t\t\t\t\t\t\t\t\t\t<\/div>\n\t<\/div>\n<\/div>[vc_empty_space height=&#8220;20px&#8220;]\t\t<\/div>\n\t<\/div>\n<\/div><\/div>[\/vc_column][vc_column offset=&#8220;vc_col-lg-6 vc_col-md-12 vc_col-xs-12&#8243;]<div class=\"eltdf-elements-holder   eltdf-one-column  eltdf-responsive-mode-768 \" ><div class=\"eltdf-eh-item   eltdf-horizontal-alignment-right \"  data-item-class=\"eltdf-eh-custom-8936\" data-769-1024=\"0px 0% 70px\" data-681-768=\"0px 0% 70px\" data-680=\"0px 0% 70px\">\n\t<div class=\"eltdf-eh-item-inner\">\n\t\t<div class=\"eltdf-eh-item-content eltdf-eh-custom-8936\" >\n\t\t\t[vc_empty_space height=&#8220;35px&#8220;]\n<div class=\"wpcf7 no-js\" id=\"wpcf7-f1990-o1\" lang=\"en-US\" dir=\"ltr\">\n<div class=\"screen-reader-response\"><p role=\"status\" aria-live=\"polite\" aria-atomic=\"true\"><\/p> <ul><\/ul><\/div>\n<form action=\"\/index.php?rest_route=%2Fwp%2Fv2%2Fpages%2F2038#wpcf7-f1990-o1\" method=\"post\" class=\"wpcf7-form init cf7_custom_style_3\" aria-label=\"Contact form\" novalidate=\"novalidate\" data-status=\"init\">\n<div style=\"display: none;\">\n<input type=\"hidden\" name=\"_wpcf7\" value=\"1990\" \/>\n<input type=\"hidden\" name=\"_wpcf7_version\" value=\"5.7.7\" \/>\n<input type=\"hidden\" name=\"_wpcf7_locale\" value=\"en_US\" \/>\n<input type=\"hidden\" name=\"_wpcf7_unit_tag\" value=\"wpcf7-f1990-o1\" \/>\n<input type=\"hidden\" name=\"_wpcf7_container_post\" value=\"0\" \/>\n<input type=\"hidden\" name=\"_wpcf7_posted_data_hash\" value=\"\" \/>\n<\/div>\n<div class=\"eltdf-grid-row eltdf-grid-small-gutter\">\n\t<div class=\"eltdf-grid-col-6\">\n\t\t<p style=\"text-align: center;\"><span class=\"wpcf7-form-control-wrap\" data-name=\"text-712\"><input size=\"40\" class=\"wpcf7-form-control wpcf7-text\" aria-invalid=\"false\" placeholder=\"Name\" value=\"\" type=\"text\" name=\"text-712\" \/><\/span>\n\t\t<\/p>\n\t<\/div>\n\t<div class=\"eltdf-grid-col-6\">\n\t\t<p style=\"text-align: center;\"><span class=\"wpcf7-form-control-wrap\" data-name=\"email-492\"><input size=\"40\" class=\"wpcf7-form-control wpcf7-text wpcf7-email wpcf7-validates-as-email\" aria-invalid=\"false\" placeholder=\"Email\" value=\"\" type=\"email\" name=\"email-492\" \/><\/span>\n\t\t<\/p>\n\t<\/div>\n<\/div>\n<div>\n\t<p style=\"text-align: center;\"><span class=\"wpcf7-form-control-wrap\" data-name=\"textarea\"><textarea cols=\"40\" rows=\"10\" class=\"wpcf7-form-control wpcf7-textarea\" aria-invalid=\"false\" placeholder=\"Ihre Nachricht\" name=\"textarea\"><\/textarea><\/span>\n\t<\/p>\n<\/div>\n<div class=\"eldtf-btn eldtf-btn-huge eltdf-cf-type-2\">\n\t<p style=\"text-align: center;\"><input class=\"wpcf7-form-control has-spinner wpcf7-submit\" type=\"submit\" value=\"Nachricht Senden\" \/>\n\t<\/p>\n<\/div><div class=\"wpcf7-response-output\" aria-hidden=\"true\"><\/div>\n<\/form>\n<\/div>\n\t\t<\/div>\n\t<\/div>\n<\/div><\/div>[\/vc_column][\/vc_row][vc_row row_content_width=&#8220;grid&#8220; css=&#8220;.vc_custom_1590224453759{padding-bottom: 115px !important;}&#8220;][vc_column][vc_column_text]<span style=\"color: #e3007b;\"><strong>Bitte Beachten: <\/strong><\/span>Sollten Sie Ihren gebuchten Termin nicht wahrnehmen k\u00f6nnen, informieren Sie uns bitte rechtzeitig. Sie haben die M\u00f6glichkeit bis 48 Stunden vor der Behandlung Ihren Termin Geb\u00fchrenfrei zu stornieren . Sp\u00e4tere Absagen verursachen eine Behandlungsl\u00fccke und somit Umsatzausfall. Bei Nichterscheinen ohne vorherige Absage m\u00fcssen wir leider die volle Behandlungsgeb\u00fchr in Anrechnung bringen. Hierf\u00fcr bitten wir um ihr Verst\u00e4ndnis.[\/vc_column_text][\/vc_column][\/vc_row]<\/p>\n","protected":false},"excerpt":{"rendered":"<p>[vc_row row_content_width=&#8220;grid&#8220; css=&#8220;.vc_custom_1604166613761{padding-top: 50px !important;padding-bottom: 20px !important;}&#8220;][vc_column offset=&#8220;vc_col-lg-6 vc_col-md-12 vc_col-xs-12&#8243;][\/vc_column][vc_column offset=&#8220;vc_col-lg-6 vc_col-md-12 vc_col-xs-12&#8243;][\/vc_column][\/vc_row][vc_row row_content_width=&#8220;grid&#8220; css=&#8220;.vc_custom_1590224453759{padding-bottom: 115px !important;}&#8220;][vc_column][vc_column_text]Bitte Beachten: Sollten Sie Ihren gebuchten Termin nicht wahrnehmen k\u00f6nnen, informieren Sie uns bitte rechtzeitig. Sie haben die M\u00f6glichkeit bis 48 Stunden vor der Behandlung Ihren Termin Geb\u00fchrenfrei zu stornieren . Sp\u00e4tere Absagen verursachen eine Behandlungsl\u00fccke und somit Umsatzausfall. Bei Nichterscheinen ohne vorherige Absage m\u00fcssen wir leider die volle Behandlungsgeb\u00fchr in Anrechnung bringen. Hierf\u00fcr bitten wir um ihr Verst\u00e4ndnis.[\/vc_column_text][\/vc_column][\/vc_row]<\/p>\n","protected":false},"author":1,"featured_media":0,"parent":0,"menu_order":0,"comment_status":"closed","ping_status":"closed","template":"full-width.php","meta":{"_monsterinsights_skip_tracking":false,"_monsterinsights_sitenote_active":false,"_monsterinsights_sitenote_note":"","_monsterinsights_sitenote_category":0,"footnotes":""},"class_list":["post-2038","page","type-page","status-publish","hentry"],"_links":{"self":[{"href":"http:\/\/perfect-cosmetic-hamburg.com\/index.php?rest_route=\/wp\/v2\/pages\/2038","targetHints":{"allow":["GET"]}}],"collection":[{"href":"http:\/\/perfect-cosmetic-hamburg.com\/index.php?rest_route=\/wp\/v2\/pages"}],"about":[{"href":"http:\/\/perfect-cosmetic-hamburg.com\/index.php?rest_route=\/wp\/v2\/types\/page"}],"author":[{"embeddable":true,"href":"http:\/\/perfect-cosmetic-hamburg.com\/index.php?rest_route=\/wp\/v2\/users\/1"}],"replies":[{"embeddable":true,"href":"http:\/\/perfect-cosmetic-hamburg.com\/index.php?rest_route=%2Fwp%2Fv2%2Fcomments&post=2038"}],"version-history":[{"count":82,"href":"http:\/\/perfect-cosmetic-hamburg.com\/index.php?rest_route=\/wp\/v2\/pages\/2038\/revisions"}],"predecessor-version":[{"id":6715,"href":"http:\/\/perfect-cosmetic-hamburg.com\/index.php?rest_route=\/wp\/v2\/pages\/2038\/revisions\/6715"}],"wp:attachment":[{"href":"http:\/\/perfect-cosmetic-hamburg.com\/index.php?rest_route=%2Fwp%2Fv2%2Fmedia&parent=2038"}],"curies":[{"name":"wp","href":"https:\/\/api.w.org\/{rel}","templated":true}]}}