{"id":5917,"date":"2020-04-13T15:58:52","date_gmt":"2020-04-13T15:58:52","guid":{"rendered":"http:\/\/perfect-cosmetic-hamburg.com\/?page_id=5917"},"modified":"2020-10-31T21:44:11","modified_gmt":"2020-10-31T21:44:11","slug":"make-up","status":"publish","type":"page","link":"http:\/\/perfect-cosmetic-hamburg.com\/?page_id=5917","title":{"rendered":"Make-Up"},"content":{"rendered":"<p>[vc_row row_content_width=&#8220;grid&#8220; css=&#8220;.vc_custom_1586770522922{padding-top: 100px !important;}&#8220;][vc_column offset=&#8220;vc_col-lg-6 vc_col-md-12&#8243;]<div class=\"eltdf-elements-holder   eltdf-one-column  eltdf-responsive-mode-768 \" ><div class=\"eltdf-eh-item    \"  data-item-class=\"eltdf-eh-custom-6801\">\n\t<div class=\"eltdf-eh-item-inner\">\n\t\t<div class=\"eltdf-eh-item-content eltdf-eh-custom-6801\" style=\"padding: 13% 20% 0% 6%\">\n\t\t\t<div class=\"eltdf-image-gallery  eltdf-ig-slider-type eltdf-three-columns eltdf-no-space   eltdf-image-behavior-custom-link eltdf-bullets-center eltdf-has-border\">\n\t<div class=\"eltdf-ig-slider eltdf-owl-slider\" data-number-of-items=\"1\" data-enable-loop=\"yes\" data-enable-autoplay=\"yes\" data-slider-speed=\"5000\" data-slider-speed-animation=\"600\" data-slider-padding=\"no\" data-enable-navigation=\"no\" data-enable-pagination=\"no\">\n\t\t\t\t\t<div class=\"eltdf-ig-image\">\n\t\t\t\t\t\t\t\t\t<img loading=\"lazy\" decoding=\"async\" src=\"http:\/\/perfect-cosmetic-hamburg.com\/wp-content\/uploads\/2020\/05\/boost_it-400x500.jpg\" alt=\"\" width=\"400\" height=\"500\" \/>\t\t\t\t\t\t\t\t\t<\/a>\n\t\t\t\t\t\t\t<\/div>\n\t\t\t\t\t<div class=\"eltdf-ig-image\">\n\t\t\t\t\t\t\t\t\t<img loading=\"lazy\" decoding=\"async\" src=\"http:\/\/perfect-cosmetic-hamburg.com\/wp-content\/uploads\/2020\/10\/2020-10-27-20_56_34-Window-400x500.png\" alt=\"\" width=\"400\" height=\"500\" \/>\t\t\t\t\t\t\t\t\t<\/a>\n\t\t\t\t\t\t\t<\/div>\n\t\t\t\t\t<div class=\"eltdf-ig-image\">\n\t\t\t\t\t\t\t\t\t<img loading=\"lazy\" decoding=\"async\" src=\"http:\/\/perfect-cosmetic-hamburg.com\/wp-content\/uploads\/2020\/10\/c10ab7c0-7f01-4d46-b5a6-3fa272e01fa1-400x500.jpg\" alt=\"\" width=\"400\" height=\"500\" \/>\t\t\t\t\t\t\t\t\t<\/a>\n\t\t\t\t\t\t\t<\/div>\n\t\t\t<\/div>\n<\/div>\t\t<\/div>\n\t<\/div>\n<\/div><\/div>[\/vc_column][vc_column offset=&#8220;vc_col-lg-6 vc_col-md-12&#8243;]<div class=\"eltdf-elements-holder   eltdf-one-column  eltdf-responsive-mode-768 \" ><div class=\"eltdf-eh-item    \"  data-item-class=\"eltdf-eh-custom-5427\" data-1367-1600=\"42px 0% 0px 5%\" data-1025-1366=\"42px 0% 0px 5%\" data-769-1024=\"80px 10% 0px 0%\" data-681-768=\"125px 0% 0px 0%\" data-680=\"40px 0% 0px 0%\">\n\t<div class=\"eltdf-eh-item-inner\">\n\t\t<div class=\"eltdf-eh-item-content eltdf-eh-custom-5427\" style=\"padding: 80px 15% 0px 5%\">\n\t\t\t<div class=\"eltdf-section-title-holder  eltdf-st-standard eltdf-st-title-left  eltdf-animated-tagline\" >\n\t<div class=\"eltdf-st-inner\">\n\t\t\t\t\t<span class=\"eltdf-st-tagline\" >\n\t\t\t\tEinfach sch\u00f6n\t\t\t<\/span>\n\t\t\t\t\t\t\t<h2 class=\"eltdf-st-title\" style=\"color: #191919\">\n\t\t\t\tPermanentes &amp; dekoratives Make-Up\t\t\t<\/h2>\n\t\t\t\t\t\t\t<p class=\"eltdf-st-text\" >\n\t\t\t\tEgal ob nat\u00fcrlich, dezent oder auff\u00e4llig: professionelles Make-Up sieht einfach atemberaubend gut aus und l\u00e4sst Sie umwerfend attraktiv aussehen. Es unterstreicht jede Pers\u00f6nlichkeit ganz individuell und bringt jedes Gesicht zum Strahlen. Lassen Sie sich von gern von uns beraten.\t\t\t<\/p>\n\t\t\t<\/div>\n<\/div>[vc_empty_space]\t\t<\/div>\n\t<\/div>\n<\/div><\/div>[\/vc_column][\/vc_row][vc_row row_content_width=&#8220;grid&#8220; css=&#8220;.vc_custom_1604179921168{padding-top: 0px !important;padding-bottom: 200px !important;}&#8220;][vc_column offset=&#8220;vc_col-lg-6 vc_col-md-12&#8243;]<div class=\"eltdf-elements-holder   eltdf-one-column  eltdf-responsive-mode-768 \" ><div class=\"eltdf-eh-item    \"  data-item-class=\"eltdf-eh-custom-3548\" data-1367-1600=\"42px 0% 0px 5%\" data-1025-1366=\"42px 0% 0px 5%\" data-769-1024=\"80px 6% 0px 0%\" data-681-768=\"125px 0% 0px 0%\" data-680=\"40px 0% 0px 0%\">\n\t<div class=\"eltdf-eh-item-inner\">\n\t\t<div class=\"eltdf-eh-item-content eltdf-eh-custom-3548\" style=\"padding: 80px 15% 0px 5%\">\n\t\t\t<div class=\"eltdf-section-title-holder  eltdf-st-standard eltdf-st-title-left  eltdf-animated-tagline\" >\n\t<div class=\"eltdf-st-inner\">\n\t\t\t\t\t<span class=\"eltdf-st-tagline\" >\n\t\t\t\tPreise\t\t\t<\/span>\n\t\t\t\t\t\t\t<h4 class=\"eltdf-st-title\" style=\"color: #191919\">\n\t\t\t\tPermanent Make-Up\t\t\t<\/h4>\n\t\t\t\t\t<\/div>\n<\/div>[vc_empty_space height=&#8220;16px&#8220;][vc_column_text]<strong>Genie\u00dfen Sie die Vorteile vom professionellen Permanent Make-up \u2013 zu fairen Preisen: Beginnen Sie jeden Tag fast wie fertig geschminkt und sparen Sie morgens kostbare Zeit. Mit Permanent Make-up von Perfect cosmetic in Hamburg-Rahlstedt sehen Sie Tag und Nacht stets perfekt geschminkt aus \u2013 ohne Nachziehen, ohne verwischen.<\/strong><\/p>\n<ul>\n<li><em>Kleine Unebenheiten werden perfekt ausgeglichen<\/em><\/li>\n<li><em>Die nat\u00fcrliche Ausstrahlung wird ideal betont und unterstrichen<\/em><\/li>\n<li><em>Perfekte Optik 24 Stunden am Tag, kein Nachschminken mehr erforderlich<\/em><\/li>\n<li><em>Ideal f\u00fcr Brillentr\u00e4ger, Sportler, Saunag\u00e4nger<\/em><\/li>\n<li><em>Nat\u00fcrliche, farbstabile, zertifizierte Farbpigmente<\/em><\/li>\n<li><em>Individuelle und harmonisch abgestimmte Pigmentierung<\/em><\/li>\n<li><em>Individuelle Techniken: Lid, Lippen und Augenbrauen<\/em><\/li>\n<li><em>Farb-, Form- und Korrekturen von Fremdarbeiten<\/em><\/li>\n<\/ul>\n<p>&nbsp;<\/p>\n<div class=\"row\">\n<div class=\"col-md-8 col-xs-8 \">\n<p><strong>Lippenkorrektur inkl Vollschattierung<\/strong><\/p>\n<\/div>\n<div class=\"col-md-4 col-xs-4 \">\n<p>449,-<\/p>\n<\/div>\n<\/div>\n<div class=\"row\">\n<div class=\"col-md-8 col-xs-8 \">\n<p><strong>Augenbrauen<\/strong><\/p>\n<\/div>\n<div class=\"col-md-4 col-xs-4 \">\n<p>ab 379,-<\/p>\n<\/div>\n<\/div>\n<div class=\"row\">\n<div class=\"col-md-8 col-xs-8 \">\n<p><strong>Augen komplett<\/strong><\/p>\n<\/div>\n<div class=\"col-md-4 col-xs-4 \">\n<p>399,-<\/p>\n<\/div>\n<\/div>\n<div class=\"row\">\n<div class=\"col-md-8 col-xs-8 \">\n<p><strong>Lidstrich oben<\/strong><\/p>\n<\/div>\n<div class=\"col-md-4 col-xs-4 \">\n<p>249,-<\/p>\n<\/div>\n<\/div>\n<div class=\"row\">\n<div class=\"col-md-8 col-xs-8 \">\n<p><strong>Lidstrich unten<\/strong><\/p>\n<\/div>\n<div class=\"col-md-4 col-xs-4 \">\n<p>249,-<\/p>\n<\/div>\n<\/div>\n<div class=\"row\">\n<div class=\"col-md-8 col-xs-8 \">\n<p><strong>Wimpernkranz<\/strong><\/p>\n<\/div>\n<div class=\"col-md-4 col-xs-4 \">\n<p>320,-<\/p>\n<\/div>\n<\/div>\n<div class=\"row\">\n<div class=\"col-md-8 col-xs-8 \">\n<p><strong>Auffrischung<\/strong><\/p>\n<\/div>\n<div class=\"col-md-4 col-xs-4 \">\n<p>ab 200,-<\/p>\n<\/div>\n<\/div>\n<div class=\"row\">\n<div class=\"col-md-8 col-xs-8 \">\n<p><strong>Korrekturen von Fremd-Pigmentierungen, je nach Aufwand<\/strong><\/p>\n<\/div>\n<div class=\"col-md-4 col-xs-4 \">\n<p>ab 299,-<\/p>\n<\/div>\n<p>&nbsp;<\/p>\n<\/div>\n<div class=\"row\">\n<div class=\"col-md-12 \">\n<p><em>Alle Angebotspreise incl. der Nacharbeiten (ausgenommen Auffrischung) innerhalb der ersten 3 Monaten nach der Behandlung. Wir empfehlen Ihnen das Permanent Make-Up alle 2-3 Jahre auffrischen zu lassen.<\/em><\/p>\n<\/div>\n<\/div>\n<p>[\/vc_column_text]\t\t<\/div>\n\t<\/div>\n<\/div><\/div>[\/vc_column][vc_column offset=&#8220;vc_col-lg-6 vc_col-md-12&#8243;]<div class=\"eltdf-elements-holder   eltdf-one-column  eltdf-responsive-mode-768 \" ><div class=\"eltdf-eh-item    \"  data-item-class=\"eltdf-eh-custom-7706\" data-1367-1600=\"42px 0% 0px 5%\" data-1025-1366=\"42px 0% 0px 5%\" data-769-1024=\"80px 6% 0px 0%\" data-681-768=\"125px 0% 0px 0%\" data-680=\"40px 0% 0px 0%\">\n\t<div class=\"eltdf-eh-item-inner\">\n\t\t<div class=\"eltdf-eh-item-content eltdf-eh-custom-7706\" style=\"padding: 80px 15% 0px 5%\">\n\t\t\t<div class=\"eltdf-section-title-holder  eltdf-st-standard eltdf-st-title-left  eltdf-animated-tagline\" >\n\t<div class=\"eltdf-st-inner\">\n\t\t\t\t\t<span class=\"eltdf-st-tagline\" >\n\t\t\t\tPreise\t\t\t<\/span>\n\t\t\t\t\t\t\t<h4 class=\"eltdf-st-title\" style=\"color: #191919\">\n\t\t\t\tTages Make-up\t\t\t<\/h4>\n\t\t\t\t\t<\/div>\n<\/div>[vc_empty_space height=&#8220;16px&#8220;][vc_column_text]<\/p>\n<div class=\"row\">\n<div class=\"col-md-8\">\n<div class=\"row\">\n<div class=\"col-md-12 \">\n<div class=\"row\">\n<div class=\"col-md-8 col-xs-8\">\n<p><strong>Tag<\/strong><\/p>\n<\/div>\n<div class=\"col-md-4 col-xs-4 \">\n<p>35,-<\/p>\n<\/div>\n<\/div>\n<div class=\"row\">\n<div class=\"col-md-8 col-xs-8\">\n<p><strong>Abend<\/strong><\/p>\n<\/div>\n<div class=\"col-md-4 col-xs-4 \">\n<p>55,-<\/p>\n<\/div>\n<\/div>\n<div class=\"row\">\n<div class=\"col-md-8 col-xs-8\">\n<p><strong>Braut<\/strong><\/p>\n<\/div>\n<div class=\"col-md-4 col-xs-4 \">\n<p>95,-<\/p>\n<\/div>\n<\/div>\n<\/div>\n<\/div>\n<\/div>\n<\/div>\n<p>[\/vc_column_text]\t\t<\/div>\n\t<\/div>\n<\/div><\/div><div class=\"eltdf-elements-holder   eltdf-one-column  eltdf-responsive-mode-768 \" ><div class=\"eltdf-eh-item    \"  data-item-class=\"eltdf-eh-custom-3347\" data-1367-1600=\"42px 0% 0px 5%\" data-1025-1366=\"42px 0% 0px 5%\" data-769-1024=\"80px 6% 0px 0%\" data-681-768=\"125px 0% 0px 0%\" data-680=\"40px 0% 0px 0%\">\n\t<div class=\"eltdf-eh-item-inner\">\n\t\t<div class=\"eltdf-eh-item-content eltdf-eh-custom-3347\" style=\"padding: 80px 15% 0px 5%\">\n\t\t\t<div class=\"eltdf-section-title-holder  eltdf-st-standard eltdf-st-title-left  eltdf-animated-tagline\" >\n\t<div class=\"eltdf-st-inner\">\n\t\t\t\t\t<span class=\"eltdf-st-tagline\" >\n\t\t\t\tPreise\t\t\t<\/span>\n\t\t\t\t\t\t\t<h4 class=\"eltdf-st-title\" style=\"color: #191919\">\n\t\t\t\tWimpernverl\u00e4ngerung\t\t\t<\/h4>\n\t\t\t\t\t<\/div>\n<\/div>[vc_empty_space height=&#8220;16px&#8220;][vc_column_text]<\/p>\n<div class=\"row\">\n<div class=\"col-md-8\">\n<div class=\"row\">\n<div class=\"col-md-12 \">\n<div class=\"row\">\n<div class=\"col-md-8 col-xs-8\">\n<div class=\"row\">\n<div class=\"col-md-8 col-xs-8\">\n<p><strong>Erstbehandlung 1 : 1 Technik<br \/>\n<\/strong><\/p>\n<\/div>\n<div class=\"col-md-4 col-xs-4 \">\n<p>120,-<\/p>\n<\/div>\n<\/div>\n<div class=\"row\">\n<div class=\"col-md-8\">\n<p><strong>Auff\u00fcllen<\/strong><\/p>\n<\/div>\n<div class=\"col-md-2 col-xs-6 \">\n<p>2-3 Wochen<\/p>\n<\/div>\n<div class=\"col-md-2 col-xs-6 \">\n<p>ab 55,-<\/p>\n<\/div>\n<\/div>\n<div class=\"row\">\n<div class=\"col-md-8\">\n<p><strong>Auff\u00fcllen<\/strong><\/p>\n<\/div>\n<div class=\"col-md-2 col-xs-6 \">\n<p>4-6 Wochen<\/p>\n<\/div>\n<div class=\"col-md-2 col-xs-6 \">\n<p>80,-<\/p>\n<\/div>\n<\/div>\n<div class=\"row\">\n<div class=\"col-md-8\">\n<p><strong>Empfehlung neu<\/strong><\/p>\n<\/div>\n<div class=\"col-md-2 col-xs-6 \">\n<p>6-8 Wochen<\/p>\n<\/div>\n<div class=\"col-md-2 col-xs-6 \">\n<p>120,-<\/p>\n<\/div>\n<\/div>\n<div class=\"row\">\n<div class=\"col-md-8 col-xs-8\">\n<p><strong>Wimpern f\u00e4rben<\/strong><\/p>\n<\/div>\n<div class=\"col-md-4 col-xs-4 \">\n<p>10,-<\/p>\n<p><strong>Wimpernlifting<\/strong><\/p>\n<\/div>\n<p>55,-<\/p>\n<\/div>\n<div class=\"row\">\n<div class=\"col-md-8 col-xs-8\">\n<p><strong>Wimpernwelle<\/strong><\/p>\n<\/div>\n<div class=\"col-md-4 col-xs-4 \">\n<p>35,-<\/p>\n<\/div>\n<\/div>\n<div class=\"row\">\n<div class=\"col-md-8 col-xs-8\">\n<p><strong>Augenbrauen f\u00e4rben<\/strong><\/p>\n<\/div>\n<div class=\"col-md-4 col-xs-4 \">\n<p>10,-<\/p>\n<\/div>\n<\/div>\n<div class=\"row\">\n<div class=\"col-md-8 col-xs-8\">\n<p><strong>Augenbrauen modellieren<\/strong><\/p>\n<\/div>\n<div class=\"col-md-4 col-xs-4 \">\n<p>13,-<\/p>\n<\/div>\n<\/div>\n<div class=\"row\">\n<div class=\"col-md-8 col-xs-8\">\n<p><strong>Augenbrauenkorrektur<\/strong><\/p>\n<\/div>\n<div class=\"col-md-4 col-xs-4 \">\n<p>10,-<\/p>\n<\/div>\n<\/div>\n<div class=\"row\">\n<div class=\"col-md-12\"><\/div>\n<\/div>\n<\/div>\n<\/div>\n<\/div>\n<\/div>\n<\/div>\n<\/div>\n<p>[\/vc_column_text]\t\t<\/div>\n\t<\/div>\n<\/div><\/div>[\/vc_column][\/vc_row]<\/p>\n","protected":false},"excerpt":{"rendered":"<p>[vc_row row_content_width=&#8220;grid&#8220; css=&#8220;.vc_custom_1586770522922{padding-top: 100px !important;}&#8220;][vc_column offset=&#8220;vc_col-lg-6 vc_col-md-12&#8243;][\/vc_column][vc_column offset=&#8220;vc_col-lg-6 vc_col-md-12&#8243;][\/vc_column][\/vc_row][vc_row row_content_width=&#8220;grid&#8220; css=&#8220;.vc_custom_1604179921168{padding-top: 0px !important;padding-bottom: 200px !important;}&#8220;][vc_column offset=&#8220;vc_col-lg-6 vc_col-md-12&#8243;][\/vc_column][vc_column offset=&#8220;vc_col-lg-6 vc_col-md-12&#8243;][\/vc_column][\/vc_row]<\/p>\n","protected":false},"author":1,"featured_media":0,"parent":0,"menu_order":0,"comment_status":"closed","ping_status":"closed","template":"full-width.php","meta":{"_monsterinsights_skip_tracking":false,"_monsterinsights_sitenote_active":false,"_monsterinsights_sitenote_note":"","_monsterinsights_sitenote_category":0,"footnotes":""},"class_list":["post-5917","page","type-page","status-publish","hentry"],"_links":{"self":[{"href":"http:\/\/perfect-cosmetic-hamburg.com\/index.php?rest_route=\/wp\/v2\/pages\/5917","targetHints":{"allow":["GET"]}}],"collection":[{"href":"http:\/\/perfect-cosmetic-hamburg.com\/index.php?rest_route=\/wp\/v2\/pages"}],"about":[{"href":"http:\/\/perfect-cosmetic-hamburg.com\/index.php?rest_route=\/wp\/v2\/types\/page"}],"author":[{"embeddable":true,"href":"http:\/\/perfect-cosmetic-hamburg.com\/index.php?rest_route=\/wp\/v2\/users\/1"}],"replies":[{"embeddable":true,"href":"http:\/\/perfect-cosmetic-hamburg.com\/index.php?rest_route=%2Fwp%2Fv2%2Fcomments&post=5917"}],"version-history":[{"count":31,"href":"http:\/\/perfect-cosmetic-hamburg.com\/index.php?rest_route=\/wp\/v2\/pages\/5917\/revisions"}],"predecessor-version":[{"id":6674,"href":"http:\/\/perfect-cosmetic-hamburg.com\/index.php?rest_route=\/wp\/v2\/pages\/5917\/revisions\/6674"}],"wp:attachment":[{"href":"http:\/\/perfect-cosmetic-hamburg.com\/index.php?rest_route=%2Fwp%2Fv2%2Fmedia&parent=5917"}],"curies":[{"name":"wp","href":"https:\/\/api.w.org\/{rel}","templated":true}]}}